{"id":187,"date":"2017-08-04T23:38:41","date_gmt":"2017-08-04T21:38:41","guid":{"rendered":"http:\/\/joe-anna.de\/?page_id=187"},"modified":"2018-02-12T22:07:57","modified_gmt":"2018-02-12T21:07:57","slug":"unterkuenfte","status":"publish","type":"page","link":"https:\/\/joe-anna.de\/index.php\/de\/freie-trauung\/unterkuenfte\/","title":{"rendered":"Unterk\u00fcnfte\/Anreise"},"content":{"rendered":"<h2>\u00a0<strong>Liebe Hochzeitsg\u00e4ste,<\/strong><\/h2>\n<p>Die Feier findet im<strong> <a href=\"http:\/\/www.hotel-alpin.pl\/en\" target=\"_blank\" rel=\"noopener\">Hotel Alpin<\/a>\u00a0<\/strong>statt<strong>.<\/strong> Die rund 95 Betten des Hotels sind f\u00fcr die Ersten, welche uns bald R\u00fcckmeldung geben, f\u00fcr die Nacht (inkl. Fr\u00fchst\u00fcck) vom 19. auf den 20. Juli reserviert und auch kostenlos. Sollten dar\u00fcber hinaus noch Pl\u00e4tze ben\u00f6tigt werden, so haben wir mit dem <strong><a href=\"http:\/\/www.hotelskalnyszczyrk.pl\/?lang=en\" target=\"_blank\" rel=\"noopener\">Hotel Skalny<\/a><\/strong>, welches 200 m entfernt liegt, einen Preis pro Person\/Nacht ca 100-110 Zloty (ca. 25-30\u20ac) inkl. Fr\u00fchst\u00fcck\u00a0vereinbart. Also bitte schnell die\u00a0<strong><em><a href=\"http:\/\/joe-anna.de\/index.php\/de\/freie-trauung\/rueckmeldung\/\" target=\"_blank\" rel=\"noopener\">R\u00fcckmeldung <\/a>\u00a0<\/em><\/strong>an uns und wir buchen die nach vom 19. auf den 20. f\u00fcr Euch mit.<\/p>\n<p><strong>Vor der Hochzeit<\/strong> sind im Hotel Alpin 15 Zimmer f\u00fcr die Nacht vom 18. auf den 19. reserviert. Gebucht werden k\u00f6nnen diese Zimmer \u00fcber Frau Lindel (<a href=\"mailto:wesela@hotel-alpin.pl?cc=info@joe-anna.de&amp;subject=go\u015bci%20weselne%20Widera%2019.07.2018,&amp;\">wesela@hotel-alpin.pl<\/a>) Betreff go\u015bci weselne Widera 19.07.2018 . Diese steht auch f\u00fcr weiteren Buchung zur Verf\u00fcgung. Wir selber werden bereits ab dem 17. im Hotel sein und dort \u00fcbernachten.<\/p>\n<p>In der Umgebung vom Hotel Alpin, das im Herzen von SZCZYRK liegt, findet ihr einige Hotels, Apartments oder Pensionen, je nach Budget und Vorstellung.<\/p>\n<p>Wir raten Euch <strong>beim Buchen darauf zu achten<\/strong>, ob Eure Unterkunft im Tal, nahe der Hauptstra\u00dfe liegt, oder in einer der h\u00f6her liegenden Stra\u00dfen. Wer gerne wandert, den schreckt so ein Berg nat\u00fcrlich nicht ab.<\/p>\n<p>Weitere \u00dcbernachtungsm\u00f6glichkeiten gibt es am einfachsten auf\u00a0<a href=\"\nhttps:\/\/www.booking.com\/s\/11_7\/c0b9d82f\" target=\"_blank\" rel=\"noopener\"><strong>booking.com<\/strong><\/a>. Bitte beachtet, dass es sich um ein Feriengebiet handelt und auch in Polen ab Anfang Juli Sommerferien sind.<\/p>\n<p><strong>In jeden Fall ben\u00f6tigen wir von Euch eine <em><a href=\"http:\/\/joe-anna.de\/index.php\/de\/freie-trauung\/rueckmeldung\/\" target=\"_blank\" rel=\"noopener\">R\u00fcckmeldung<\/a><\/em><\/strong><em>.<\/em><\/p>\n<h2><strong>Anreise<\/strong><\/h2>\n<ul>\n<li>Es gibt viele Wege nach SZCZYRK. Mit dem Reisebus \u00fcber <strong><a href=\"http:\/\/www.checkmybus.de\" target=\"_blank\" rel=\"noopener\">checkmybus.de.<\/a>\u00a0<\/strong>Oder direkt bei dem polnischen Reisebusveranstalter Sindbad\u00a0<a href=\"www.sindbad.pl\" target=\"_blank\" rel=\"noopener\"><strong>www.sindbad.pl<\/strong><\/a>\u00a0oder Soltysik Reisen<strong>\u00a0<a href=\"www.soltysikreisen.pl\" target=\"_blank\" rel=\"noopener\">www.soltysikreisen.pl.<\/a><\/strong>\u00a0Das Busticket kostet etwa 68 \u20ac (Paderborn &#8211; Bielsko-Bia\u0142a) pro Person mit einem Gep\u00e4ckst\u00fcck. Allerdings dauert die Fahrt oft 12 Stunden, da man in vielen St\u00e4dten anh\u00e4lt, um Passagiere ein oder auszuladen. F\u00fcr die Paderborner: Bustickets gibt es auch direkt bei dem Reiseveranstalter <strong><a href=\"http:\/\/www.pol-shop.de\/\" target=\"_blank\" rel=\"noopener\">Pol-Shop<\/a><\/strong>, Aldegreverstr. 1 a, zu kaufen.<\/li>\n<li>Mit dem Flugzeug ab Dortmund nach Kattowitz oder Krakau \u00fcber <a href=\"https:\/\/wizzair.com\/de-de\/#\/\"><strong>wizzair.com<\/strong><\/a>. Hierbei lohnt sich meistens schon die <strong><a href=\"https:\/\/wizzair.com\/de-de\/informationen-und-serviceleistungen\/wizz-serviceleistungen\/wizz-discount-club#before-october\" target=\"_blank\" rel=\"noopener\">Clubmitgliedschaft<\/a><\/strong> bei WizzAir, welche es f\u00fcr 2 oder bis zu 6 Personen gibt. Wir buchen immer 3 bis 6 Monate vorher. Ein Transfer von Kattowitz nach SZCZYRK (120 km eine Strecke) gibt es \u00fcber\u00a0<a href=\"http:\/\/skrok.com.pl\" target=\"_blank\" rel=\"noopener\">skrok.com.pl.<\/a>\u00a0Ein 8 Personenbus kostet ca. 400 Zloty (ca. 100 \u20ac) und ein 20 Personenbus ca. 600 Zloty (150 \u20ac) pro Strecke. Der Shuttle- Service kann auch etwas teurer \u00fcber das Hotel Alpin gebucht werden. Eine andere M\u00f6glichkeit ist: Ihr mietet Euch ein Auto am Flughafen f\u00fcr die weitere Reise. Man kann auch mit dem Zug von Kattowitz (Hbf) nach Bielsko-Bia\u0142a\u00a0(Hbf) ca. 2 Stunden fahren (ca. 25 Zloty\/ ca. 7 \u20ac) und dort vom gegen\u00fcberliegenden Busbahnhof mit dem Bus (\u00f6ffentlicher Nahverkehr) ca. 25 km nach SZCZYRK, oder von Bielsko-Bia\u0142a\u00a0mit dem Taxi nach SZCZYRK.<\/li>\n<li>Oder mit dem Auto. Sichere kamera\u00fcberwachte Parkpl\u00e4tze sind auf dem Hotelgel\u00e4nde mit Reservierung vorhanden. Bitte beachtet, dass ab Breslau eine Autobahn-Mautgeb\u00fchr von ca. 16 Zloty (ca. 4 \u20ac) zu entrichten ist.<\/li>\n<\/ul>\n<p>Es gibt auch ein <strong><a href=\"http:\/\/joe-anna.de\/index.php\/forums\/Forum\/anreisen\/\" target=\"_blank\" rel=\"noopener\">Forum<\/a><\/strong>\u00a0f\u00fcr unsere G\u00e4ste, in dem man sich abstimmen oder verabreden kann.<\/p>\n<h2><strong>Reisegeld<\/strong><\/h2>\n<p>Polen ist zwar EU-Mitglied, aber die W\u00e4hrung ist immer noch der traditionelle Zloty. Grob kann man 1\u20ac gleich 4 Zloty rechnen. Es kommt eher selten vor, dass man im Supermarkt beispielsweise mit Euro bezahlen kann. Daher haltet besser Euren Zloty parat. \ud83d\ude09<\/p>\n<p>In der Regel lohnen sich die Wechselstuben eher als das Abheben von Zloty vor Ort. Man kann nat\u00fcrlich fast \u00fcberall mit der Visa bezahlen. Auch in SZCZYRK gibt es eine Bank und einige Bankautomaten, wo Ihr mit Visa Geld abheben k\u00f6nnt.<\/p>\n<h2><strong>Reisef\u00fchrer<\/strong><\/h2>\n<p>Kostenlose Reisef\u00fchrer gibt es <strong><a href=\"https:\/\/www.polen.travel\/de\/broschuren\" target=\"_blank\" rel=\"noopener\">hier<\/a>.<\/strong><\/p>\n<p>&nbsp;<\/p>\n<p><strong>In jeden Fall ben\u00f6tigen wir von Euch eine <em><a href=\"http:\/\/joe-anna.de\/index.php\/de\/freie-trauung\/rueckmeldung\/\" target=\"_blank\" rel=\"noopener\">R\u00fcckmeldung<\/a><\/em><\/strong><em>.<\/em><\/p>\n<p>&nbsp;<\/p>\n","protected":false},"excerpt":{"rendered":"<p>\u00a0Liebe Hochzeitsg\u00e4ste, Die Feier findet im Hotel Alpin\u00a0statt. Die rund 95 Betten des Hotels sind f\u00fcr die Ersten, welche uns bald R\u00fcckmeldung geben, f\u00fcr die Nacht (inkl. Fr\u00fchst\u00fcck) vom 19. auf den 20. Juli reserviert und auch kostenlos. Sollten dar\u00fcber &hellip; <a class=\"more-link\" href=\"https:\/\/joe-anna.de\/index.php\/de\/freie-trauung\/unterkuenfte\/\">Weiterlesen <span class=\"meta-nav\">&rarr;<\/span><\/a><\/p>\n","protected":false},"author":2,"featured_media":0,"parent":65,"menu_order":0,"comment_status":"closed","ping_status":"closed","template":"","meta":{"_bbp_topic_count":0,"_bbp_reply_count":0,"_bbp_total_topic_count":0,"_bbp_total_reply_count":0,"_bbp_voice_count":0,"_bbp_anonymous_reply_count":0,"_bbp_topic_count_hidden":0,"_bbp_reply_count_hidden":0,"_bbp_forum_subforum_count":0,"ngg_post_thumbnail":0,"footnotes":""},"class_list":["post-187","page","type-page","status-publish","hentry"],"jetpack_sharing_enabled":true,"jetpack_shortlink":"https:\/\/wp.me\/P8zX96-31","jetpack-related-posts":[{"id":65,"url":"https:\/\/joe-anna.de\/index.php\/de\/freie-trauung\/","url_meta":{"origin":187,"position":0},"title":"Hochzeitsfeier","author":"Johannes Widera","date":"2. April 2017","format":false,"excerpt":"\"Wesele\" = Hochzeit Wir laden Euch herzlich ein! Am 19. Juli 2018 m\u00f6chten wir uns im Rahmen einer freien Trauung in Polen im wundersch\u00f6nen Szczyrk (S Z C Z Y R K schreibt man wie man es spricht :-) ) nochmal das Ja-Wort geben. Die wei\u00dfe Trauung findet unter freiem\u2026","rel":"","context":"\u00c4hnlicher Beitrag","block_context":{"text":"\u00c4hnlicher Beitrag","link":""},"img":{"alt_text":"","src":"","width":0,"height":0},"classes":[]},{"id":220,"url":"https:\/\/joe-anna.de\/index.php\/de\/freie-trauung\/rueckmeldung\/","url_meta":{"origin":187,"position":1},"title":"R\u00fcckmeldung","author":"Johannes Widera","date":"10. September 2017","format":false,"excerpt":"R\u00fcckmeldung","rel":"","context":"\u00c4hnlicher Beitrag","block_context":{"text":"\u00c4hnlicher Beitrag","link":""},"img":{"alt_text":"","src":"","width":0,"height":0},"classes":[]},{"id":2969,"url":"https:\/\/joe-anna.de\/index.php\/de\/bilder-2\/trauung\/","url_meta":{"origin":187,"position":2},"title":"Trauung\/Hochzeit","author":"Johannes Widera","date":"11. Oktober 2018","format":false,"excerpt":"Hochzeit\/Wesele \u00a0","rel":"","context":"\u00c4hnlicher Beitrag","block_context":{"text":"\u00c4hnlicher Beitrag","link":""},"img":{"alt_text":"","src":"","width":0,"height":0},"classes":[]},{"id":464,"url":"https:\/\/joe-anna.de\/index.php\/de\/bilder-2\/","url_meta":{"origin":187,"position":3},"title":"Bilder","author":"Johannes Widera","date":"26. September 2018","format":false,"excerpt":"Video Trauung\/Hochzeit FotoShooting \u00a0","rel":"","context":"\u00c4hnlicher Beitrag","block_context":{"text":"\u00c4hnlicher Beitrag","link":""},"img":{"alt_text":"","src":"","width":0,"height":0},"classes":[]},{"id":2,"url":"https:\/\/joe-anna.de\/index.php\/de\/beispiel-seite\/","url_meta":{"origin":187,"position":4},"title":"Impressum","author":"Joe","date":"24. M\u00e4rz 2017","format":false,"excerpt":"Angaben gem\u00e4\u00df \u00a7 5 TMG: Kontakt: Bitte f\u00fcr alle Belange an info [at] joe-anna.de wenden. Haftungsausschluss (Disclaimer) Haftung f\u00fcr Inhalte Als Diensteanbieter sind wir gem\u00e4\u00df \u00a7 7 Abs.1 TMG f\u00fcr eigene Inhalte auf diesen Seiten nach den allgemeinen Gesetzen verantwortlich. Nach \u00a7\u00a7 8 bis 10 TMG sind wir als Diensteanbieter\u2026","rel":"","context":"\u00c4hnlicher Beitrag","block_context":{"text":"\u00c4hnlicher Beitrag","link":""},"img":{"alt_text":"","src":"https:\/\/i0.wp.com\/joe-anna.de\/wp-content\/uploads\/2017\/03\/AndresseJoe.jpg?resize=350%2C200","width":350,"height":200},"classes":[]}],"_links":{"self":[{"href":"https:\/\/joe-anna.de\/index.php\/wp-json\/wp\/v2\/pages\/187","targetHints":{"allow":["GET"]}}],"collection":[{"href":"https:\/\/joe-anna.de\/index.php\/wp-json\/wp\/v2\/pages"}],"about":[{"href":"https:\/\/joe-anna.de\/index.php\/wp-json\/wp\/v2\/types\/page"}],"author":[{"embeddable":true,"href":"https:\/\/joe-anna.de\/index.php\/wp-json\/wp\/v2\/users\/2"}],"replies":[{"embeddable":true,"href":"https:\/\/joe-anna.de\/index.php\/wp-json\/wp\/v2\/comments?post=187"}],"version-history":[{"count":62,"href":"https:\/\/joe-anna.de\/index.php\/wp-json\/wp\/v2\/pages\/187\/revisions"}],"predecessor-version":[{"id":437,"href":"https:\/\/joe-anna.de\/index.php\/wp-json\/wp\/v2\/pages\/187\/revisions\/437"}],"up":[{"embeddable":true,"href":"https:\/\/joe-anna.de\/index.php\/wp-json\/wp\/v2\/pages\/65"}],"wp:attachment":[{"href":"https:\/\/joe-anna.de\/index.php\/wp-json\/wp\/v2\/media?parent=187"}],"curies":[{"name":"wp","href":"https:\/\/api.w.org\/{rel}","templated":true}]}}