{"id":220,"date":"2017-09-10T20:16:37","date_gmt":"2017-09-10T18:16:37","guid":{"rendered":"http:\/\/joe-anna.de\/?page_id=220"},"modified":"2017-09-12T23:48:24","modified_gmt":"2017-09-12T21:48:24","slug":"rueckmeldung","status":"publish","type":"page","link":"https:\/\/joe-anna.de\/index.php\/de\/freie-trauung\/rueckmeldung\/","title":{"rendered":"R\u00fcckmeldung"},"content":{"rendered":"<h2>R\u00fcckmeldung<\/h2>\n<p class=\"wpcf7-contact-form-not-found\"><strong>Fehler:<\/strong> Kontaktformular wurde nicht gefunden.<\/p>\n","protected":false},"excerpt":{"rendered":"<p>R\u00fcckmeldung<\/p>\n","protected":false},"author":2,"featured_media":0,"parent":65,"menu_order":9,"comment_status":"closed","ping_status":"closed","template":"","meta":{"_bbp_topic_count":0,"_bbp_reply_count":0,"_bbp_total_topic_count":0,"_bbp_total_reply_count":0,"_bbp_voice_count":0,"_bbp_anonymous_reply_count":0,"_bbp_topic_count_hidden":0,"_bbp_reply_count_hidden":0,"_bbp_forum_subforum_count":0,"ngg_post_thumbnail":0,"footnotes":""},"class_list":["post-220","page","type-page","status-publish","hentry"],"jetpack_sharing_enabled":true,"jetpack_shortlink":"https:\/\/wp.me\/P8zX96-3y","jetpack-related-posts":[{"id":187,"url":"https:\/\/joe-anna.de\/index.php\/de\/freie-trauung\/unterkuenfte\/","url_meta":{"origin":220,"position":0},"title":"Unterk\u00fcnfte\/Anreise","author":"Johannes Widera","date":"4. August 2017","format":false,"excerpt":"\u00a0Liebe Hochzeitsg\u00e4ste, Die Feier findet im Hotel Alpin\u00a0statt. Die rund 95 Betten des Hotels sind f\u00fcr die Ersten, welche uns bald R\u00fcckmeldung geben, f\u00fcr die Nacht (inkl. Fr\u00fchst\u00fcck) vom 19. auf den 20. Juli reserviert und auch kostenlos. Sollten dar\u00fcber hinaus noch Pl\u00e4tze ben\u00f6tigt werden, so haben wir mit dem\u2026","rel":"","context":"\u00c4hnlicher Beitrag","block_context":{"text":"\u00c4hnlicher Beitrag","link":""},"img":{"alt_text":"","src":"","width":0,"height":0},"classes":[]},{"id":65,"url":"https:\/\/joe-anna.de\/index.php\/de\/freie-trauung\/","url_meta":{"origin":220,"position":1},"title":"Hochzeitsfeier","author":"Johannes Widera","date":"2. April 2017","format":false,"excerpt":"\"Wesele\" = Hochzeit Wir laden Euch herzlich ein! Am 19. Juli 2018 m\u00f6chten wir uns im Rahmen einer freien Trauung in Polen im wundersch\u00f6nen Szczyrk (S Z C Z Y R K schreibt man wie man es spricht :-) ) nochmal das Ja-Wort geben. Die wei\u00dfe Trauung findet unter freiem\u2026","rel":"","context":"\u00c4hnlicher Beitrag","block_context":{"text":"\u00c4hnlicher Beitrag","link":""},"img":{"alt_text":"","src":"","width":0,"height":0},"classes":[]},{"id":2,"url":"https:\/\/joe-anna.de\/index.php\/de\/beispiel-seite\/","url_meta":{"origin":220,"position":2},"title":"Impressum","author":"Joe","date":"24. M\u00e4rz 2017","format":false,"excerpt":"Angaben gem\u00e4\u00df \u00a7 5 TMG: Kontakt: Bitte f\u00fcr alle Belange an info [at] joe-anna.de wenden. Haftungsausschluss (Disclaimer) Haftung f\u00fcr Inhalte Als Diensteanbieter sind wir gem\u00e4\u00df \u00a7 7 Abs.1 TMG f\u00fcr eigene Inhalte auf diesen Seiten nach den allgemeinen Gesetzen verantwortlich. Nach \u00a7\u00a7 8 bis 10 TMG sind wir als Diensteanbieter\u2026","rel":"","context":"\u00c4hnlicher Beitrag","block_context":{"text":"\u00c4hnlicher Beitrag","link":""},"img":{"alt_text":"","src":"https:\/\/i0.wp.com\/joe-anna.de\/wp-content\/uploads\/2017\/03\/AndresseJoe.jpg?resize=350%2C200","width":350,"height":200},"classes":[]}],"_links":{"self":[{"href":"https:\/\/joe-anna.de\/index.php\/wp-json\/wp\/v2\/pages\/220","targetHints":{"allow":["GET"]}}],"collection":[{"href":"https:\/\/joe-anna.de\/index.php\/wp-json\/wp\/v2\/pages"}],"about":[{"href":"https:\/\/joe-anna.de\/index.php\/wp-json\/wp\/v2\/types\/page"}],"author":[{"embeddable":true,"href":"https:\/\/joe-anna.de\/index.php\/wp-json\/wp\/v2\/users\/2"}],"replies":[{"embeddable":true,"href":"https:\/\/joe-anna.de\/index.php\/wp-json\/wp\/v2\/comments?post=220"}],"version-history":[{"count":8,"href":"https:\/\/joe-anna.de\/index.php\/wp-json\/wp\/v2\/pages\/220\/revisions"}],"predecessor-version":[{"id":266,"href":"https:\/\/joe-anna.de\/index.php\/wp-json\/wp\/v2\/pages\/220\/revisions\/266"}],"up":[{"embeddable":true,"href":"https:\/\/joe-anna.de\/index.php\/wp-json\/wp\/v2\/pages\/65"}],"wp:attachment":[{"href":"https:\/\/joe-anna.de\/index.php\/wp-json\/wp\/v2\/media?parent=220"}],"curies":[{"name":"wp","href":"https:\/\/api.w.org\/{rel}","templated":true}]}}