{"id":2975,"date":"2018-10-11T19:44:56","date_gmt":"2018-10-11T17:44:56","guid":{"rendered":"https:\/\/joe-anna.de\/?page_id=2975"},"modified":"2018-10-11T20:00:42","modified_gmt":"2018-10-11T18:00:42","slug":"fotoshooting","status":"publish","type":"page","link":"https:\/\/joe-anna.de\/index.php\/de\/bilder-2\/fotoshooting\/","title":{"rendered":"FotoShooting"},"content":{"rendered":"Du musst angemeldet sein, um diesen Inhalt sehen zu k\u00f6nnen.","protected":false},"excerpt":{"rendered":"Du musst angemeldet sein, um diesen Inhalt sehen zu k\u00f6nnen.","protected":false},"author":2,"featured_media":0,"parent":464,"menu_order":3,"comment_status":"closed","ping_status":"closed","template":"","meta":{"_bbp_topic_count":0,"_bbp_reply_count":0,"_bbp_total_topic_count":0,"_bbp_total_reply_count":0,"_bbp_voice_count":0,"_bbp_anonymous_reply_count":0,"_bbp_topic_count_hidden":0,"_bbp_reply_count_hidden":0,"_bbp_forum_subforum_count":0,"ngg_post_thumbnail":0,"footnotes":""},"class_list":["post-2975","page","type-page","status-publish","hentry"],"jetpack_sharing_enabled":true,"jetpack_shortlink":"https:\/\/wp.me\/P8zX96-LZ","jetpack-related-posts":[{"id":2969,"url":"https:\/\/joe-anna.de\/index.php\/de\/bilder-2\/trauung\/","url_meta":{"origin":2975,"position":0},"title":"Trauung\/Hochzeit","author":"Johannes Widera","date":"11. Oktober 2018","format":false,"excerpt":"Hochzeit\/Wesele \u00a0","rel":"","context":"\u00c4hnlicher Beitrag","block_context":{"text":"\u00c4hnlicher Beitrag","link":""},"img":{"alt_text":"","src":"","width":0,"height":0},"classes":[]},{"id":464,"url":"https:\/\/joe-anna.de\/index.php\/de\/bilder-2\/","url_meta":{"origin":2975,"position":1},"title":"Bilder","author":"Johannes Widera","date":"26. September 2018","format":false,"excerpt":"Video Trauung\/Hochzeit FotoShooting \u00a0","rel":"","context":"\u00c4hnlicher Beitrag","block_context":{"text":"\u00c4hnlicher Beitrag","link":""},"img":{"alt_text":"","src":"","width":0,"height":0},"classes":[]},{"id":187,"url":"https:\/\/joe-anna.de\/index.php\/de\/freie-trauung\/unterkuenfte\/","url_meta":{"origin":2975,"position":2},"title":"Unterk\u00fcnfte\/Anreise","author":"Johannes Widera","date":"4. August 2017","format":false,"excerpt":"\u00a0Liebe Hochzeitsg\u00e4ste, Die Feier findet im Hotel Alpin\u00a0statt. Die rund 95 Betten des Hotels sind f\u00fcr die Ersten, welche uns bald R\u00fcckmeldung geben, f\u00fcr die Nacht (inkl. Fr\u00fchst\u00fcck) vom 19. auf den 20. Juli reserviert und auch kostenlos. Sollten dar\u00fcber hinaus noch Pl\u00e4tze ben\u00f6tigt werden, so haben wir mit dem\u2026","rel":"","context":"\u00c4hnlicher Beitrag","block_context":{"text":"\u00c4hnlicher Beitrag","link":""},"img":{"alt_text":"","src":"","width":0,"height":0},"classes":[]},{"id":2,"url":"https:\/\/joe-anna.de\/index.php\/de\/beispiel-seite\/","url_meta":{"origin":2975,"position":3},"title":"Impressum","author":"Joe","date":"24. M\u00e4rz 2017","format":false,"excerpt":"Angaben gem\u00e4\u00df \u00a7 5 TMG: Kontakt: Bitte f\u00fcr alle Belange an info [at] joe-anna.de wenden. Haftungsausschluss (Disclaimer) Haftung f\u00fcr Inhalte Als Diensteanbieter sind wir gem\u00e4\u00df \u00a7 7 Abs.1 TMG f\u00fcr eigene Inhalte auf diesen Seiten nach den allgemeinen Gesetzen verantwortlich. Nach \u00a7\u00a7 8 bis 10 TMG sind wir als Diensteanbieter\u2026","rel":"","context":"\u00c4hnlicher Beitrag","block_context":{"text":"\u00c4hnlicher Beitrag","link":""},"img":{"alt_text":"","src":"https:\/\/i0.wp.com\/joe-anna.de\/wp-content\/uploads\/2017\/03\/AndresseJoe.jpg?resize=350%2C200","width":350,"height":200},"classes":[]}],"_links":{"self":[{"href":"https:\/\/joe-anna.de\/index.php\/wp-json\/wp\/v2\/pages\/2975","targetHints":{"allow":["GET"]}}],"collection":[{"href":"https:\/\/joe-anna.de\/index.php\/wp-json\/wp\/v2\/pages"}],"about":[{"href":"https:\/\/joe-anna.de\/index.php\/wp-json\/wp\/v2\/types\/page"}],"author":[{"embeddable":true,"href":"https:\/\/joe-anna.de\/index.php\/wp-json\/wp\/v2\/users\/2"}],"replies":[{"embeddable":true,"href":"https:\/\/joe-anna.de\/index.php\/wp-json\/wp\/v2\/comments?post=2975"}],"version-history":[{"count":2,"href":"https:\/\/joe-anna.de\/index.php\/wp-json\/wp\/v2\/pages\/2975\/revisions"}],"predecessor-version":[{"id":3078,"href":"https:\/\/joe-anna.de\/index.php\/wp-json\/wp\/v2\/pages\/2975\/revisions\/3078"}],"up":[{"embeddable":true,"href":"https:\/\/joe-anna.de\/index.php\/wp-json\/wp\/v2\/pages\/464"}],"wp:attachment":[{"href":"https:\/\/joe-anna.de\/index.php\/wp-json\/wp\/v2\/media?parent=2975"}],"curies":[{"name":"wp","href":"https:\/\/api.w.org\/{rel}","templated":true}]}}