{"id":464,"date":"2018-09-26T10:35:54","date_gmt":"2018-09-26T08:35:54","guid":{"rendered":"https:\/\/joe-anna.de\/?page_id=464"},"modified":"2018-10-18T14:05:21","modified_gmt":"2018-10-18T12:05:21","slug":"bilder-2","status":"publish","type":"page","link":"https:\/\/joe-anna.de\/index.php\/de\/bilder-2\/","title":{"rendered":"Bilder"},"content":{"rendered":"Du musst angemeldet sein, um diesen Inhalt sehen zu k\u00f6nnen.","protected":false},"excerpt":{"rendered":"Du musst angemeldet sein, um diesen Inhalt sehen zu k\u00f6nnen.","protected":false},"author":2,"featured_media":0,"parent":0,"menu_order":0,"comment_status":"closed","ping_status":"closed","template":"","meta":{"_bbp_topic_count":0,"_bbp_reply_count":0,"_bbp_total_topic_count":0,"_bbp_total_reply_count":0,"_bbp_voice_count":0,"_bbp_anonymous_reply_count":0,"_bbp_topic_count_hidden":0,"_bbp_reply_count_hidden":0,"_bbp_forum_subforum_count":0,"ngg_post_thumbnail":0,"footnotes":""},"class_list":["post-464","page","type-page","status-publish","hentry"],"jetpack_sharing_enabled":true,"jetpack_shortlink":"https:\/\/wp.me\/P8zX96-7u","jetpack-related-posts":[{"id":2969,"url":"https:\/\/joe-anna.de\/index.php\/de\/bilder-2\/trauung\/","url_meta":{"origin":464,"position":0},"title":"Trauung\/Hochzeit","author":"Johannes Widera","date":"11. Oktober 2018","format":false,"excerpt":"Hochzeit\/Wesele \u00a0","rel":"","context":"\u00c4hnlicher Beitrag","block_context":{"text":"\u00c4hnlicher Beitrag","link":""},"img":{"alt_text":"","src":"","width":0,"height":0},"classes":[]},{"id":65,"url":"https:\/\/joe-anna.de\/index.php\/de\/freie-trauung\/","url_meta":{"origin":464,"position":1},"title":"Hochzeitsfeier","author":"Johannes Widera","date":"2. April 2017","format":false,"excerpt":"\"Wesele\" = Hochzeit Wir laden Euch herzlich ein! Am 19. Juli 2018 m\u00f6chten wir uns im Rahmen einer freien Trauung in Polen im wundersch\u00f6nen Szczyrk (S Z C Z Y R K schreibt man wie man es spricht :-) ) nochmal das Ja-Wort geben. Die wei\u00dfe Trauung findet unter freiem\u2026","rel":"","context":"\u00c4hnlicher Beitrag","block_context":{"text":"\u00c4hnlicher Beitrag","link":""},"img":{"alt_text":"","src":"","width":0,"height":0},"classes":[]},{"id":57,"url":"https:\/\/joe-anna.de\/index.php\/de\/trauung\/","url_meta":{"origin":464,"position":2},"title":"Trauung","author":"Johannes Widera","date":"2. April 2017","format":false,"excerpt":"\"\u015alub cywilny\"\u00a0= Standesamtliche Trauung Seid mit uns dabei! Nach dem Antrag im Baumhaus, werden wir uns endlich das Ja-Wort geben. Dieses Ereignis m\u00f6chten wir mit Euch teilen. Die standesamtliche Trauung findet am 3. Juni 2017 um 11 Uhr in Borchen im Mallinckrodthof\u00a0statt. Wir m\u00f6chten euch herzlich einladen, auch vorbei zu\u2026","rel":"","context":"\u00c4hnlicher Beitrag","block_context":{"text":"\u00c4hnlicher Beitrag","link":""},"img":{"alt_text":"","src":"","width":0,"height":0},"classes":[]},{"id":220,"url":"https:\/\/joe-anna.de\/index.php\/de\/freie-trauung\/rueckmeldung\/","url_meta":{"origin":464,"position":3},"title":"R\u00fcckmeldung","author":"Johannes Widera","date":"10. September 2017","format":false,"excerpt":"R\u00fcckmeldung","rel":"","context":"\u00c4hnlicher Beitrag","block_context":{"text":"\u00c4hnlicher Beitrag","link":""},"img":{"alt_text":"","src":"","width":0,"height":0},"classes":[]},{"id":2973,"url":"https:\/\/joe-anna.de\/index.php\/de\/bilder-2\/video\/","url_meta":{"origin":464,"position":4},"title":"Video","author":"Johannes Widera","date":"11. Oktober 2018","format":false,"excerpt":"Video(2min) https:\/\/www.youtube.com\/watch?v=uAfpU_DpS6I&feature=youtu.be Video (1h) https:\/\/youtu.be\/kREh4ys5wWw \u00a0","rel":"","context":"\u00c4hnlicher Beitrag","block_context":{"text":"\u00c4hnlicher Beitrag","link":""},"img":{"alt_text":"","src":"https:\/\/i0.wp.com\/img.youtube.com\/vi\/uAfpU_DpS6I\/0.jpg?resize=350%2C200","width":350,"height":200},"classes":[]},{"id":187,"url":"https:\/\/joe-anna.de\/index.php\/de\/freie-trauung\/unterkuenfte\/","url_meta":{"origin":464,"position":5},"title":"Unterk\u00fcnfte\/Anreise","author":"Johannes Widera","date":"4. August 2017","format":false,"excerpt":"\u00a0Liebe Hochzeitsg\u00e4ste, Die Feier findet im Hotel Alpin\u00a0statt. Die rund 95 Betten des Hotels sind f\u00fcr die Ersten, welche uns bald R\u00fcckmeldung geben, f\u00fcr die Nacht (inkl. Fr\u00fchst\u00fcck) vom 19. auf den 20. Juli reserviert und auch kostenlos. Sollten dar\u00fcber hinaus noch Pl\u00e4tze ben\u00f6tigt werden, so haben wir mit dem\u2026","rel":"","context":"\u00c4hnlicher Beitrag","block_context":{"text":"\u00c4hnlicher Beitrag","link":""},"img":{"alt_text":"","src":"","width":0,"height":0},"classes":[]}],"_links":{"self":[{"href":"https:\/\/joe-anna.de\/index.php\/wp-json\/wp\/v2\/pages\/464","targetHints":{"allow":["GET"]}}],"collection":[{"href":"https:\/\/joe-anna.de\/index.php\/wp-json\/wp\/v2\/pages"}],"about":[{"href":"https:\/\/joe-anna.de\/index.php\/wp-json\/wp\/v2\/types\/page"}],"author":[{"embeddable":true,"href":"https:\/\/joe-anna.de\/index.php\/wp-json\/wp\/v2\/users\/2"}],"replies":[{"embeddable":true,"href":"https:\/\/joe-anna.de\/index.php\/wp-json\/wp\/v2\/comments?post=464"}],"version-history":[{"count":28,"href":"https:\/\/joe-anna.de\/index.php\/wp-json\/wp\/v2\/pages\/464\/revisions"}],"predecessor-version":[{"id":3796,"href":"https:\/\/joe-anna.de\/index.php\/wp-json\/wp\/v2\/pages\/464\/revisions\/3796"}],"wp:attachment":[{"href":"https:\/\/joe-anna.de\/index.php\/wp-json\/wp\/v2\/media?parent=464"}],"curies":[{"name":"wp","href":"https:\/\/api.w.org\/{rel}","templated":true}]}}