{"id":57,"date":"2017-04-02T17:15:54","date_gmt":"2017-04-02T15:15:54","guid":{"rendered":"http:\/\/joe-anna.de\/?page_id=57"},"modified":"2017-09-12T23:02:15","modified_gmt":"2017-09-12T21:02:15","slug":"trauung","status":"publish","type":"page","link":"https:\/\/joe-anna.de\/index.php\/de\/trauung\/","title":{"rendered":"Trauung"},"content":{"rendered":"<h1>&#8222;\u015alub cywilny&#8220;\u00a0= Standesamtliche Trauung<\/h1>\n<p><iframe loading=\"lazy\" style=\"border: 0;\" src=\"https:\/\/www.google.com\/maps\/embed?pb=!1m18!1m12!1m3!1d1237.3005356122503!2d8.720095658182037!3d51.667139994915416!2m3!1f0!2f0!3f0!3m2!1i1024!2i768!4f13.1!3m3!1m2!1s0x47bbb362c09a7d21%3A0xa22c57d8cecd1aa5!2sMallinckrodtstra%C3%9Fe+6%2C+33178+Borchen!5e0!3m2!1sde!2sde!4v1491157136901\" width=\"600\" height=\"300\" frameborder=\"0\" allowfullscreen=\"allowfullscreen\"><\/iframe><\/p>\n<p><span style=\"font-size: 14pt;\"><em><strong>Seid mit uns dabei!<\/strong><\/em><\/span><\/p>\n<p>Nach dem Antrag im Baumhaus, werden wir uns endlich das Ja-Wort geben. Dieses Ereignis m\u00f6chten wir mit Euch teilen. Die standesamtliche Trauung findet am <strong>3. Juni 2017<\/strong> um <strong>11 Uhr<\/strong> in<strong> Borchen<\/strong> im <strong><a href=\"http:\/\/www.mallinckrodthof.de\/\">Mallinckrodthof<\/a><\/strong>\u00a0statt.<\/p>\n<p>Wir m\u00f6chten euch herzlich einladen, auch vorbei zu kommen und mit uns auf unsere gemeinsame Zukunft anzusto\u00dfen! Im Anschluss an die Trauung, werden wir die Gelegenheit nutzen, um einige Erinnerungs-Fotos in der wundersch\u00f6nen Gartenanlage des Hofs zu machen.<\/p>\n<p>Anschlie\u00dfend werden wir zusammen mit unserer Familie und unseren Trauzeugen im engen Kreis den Nachmittag verbringen&#8230;.<\/p>\n<p>&#8230; ABER der Tag ist noch lange nicht vorbei und soll unvergesslich bleiben.\u00a0Deshalb w\u00fcrden\u00a0wir uns freuen, abends auch unsere Freunde bei uns zu Hause begr\u00fc\u00dfen zu d\u00fcrfen, um den Tag mit Euch allen ausklingen zu lassen.<\/p>\n","protected":false},"excerpt":{"rendered":"<p>&#8222;\u015alub cywilny&#8220;\u00a0= Standesamtliche Trauung Seid mit uns dabei! Nach dem Antrag im Baumhaus, werden wir uns endlich das Ja-Wort geben. Dieses Ereignis m\u00f6chten wir mit Euch teilen. Die standesamtliche Trauung findet am 3. Juni 2017 um 11 Uhr in Borchen &hellip; <a class=\"more-link\" href=\"https:\/\/joe-anna.de\/index.php\/de\/trauung\/\">Weiterlesen <span class=\"meta-nav\">&rarr;<\/span><\/a><\/p>\n","protected":false},"author":2,"featured_media":0,"parent":0,"menu_order":10,"comment_status":"closed","ping_status":"closed","template":"","meta":{"_bbp_topic_count":0,"_bbp_reply_count":0,"_bbp_total_topic_count":0,"_bbp_total_reply_count":0,"_bbp_voice_count":0,"_bbp_anonymous_reply_count":0,"_bbp_topic_count_hidden":0,"_bbp_reply_count_hidden":0,"_bbp_forum_subforum_count":0,"ngg_post_thumbnail":0,"footnotes":""},"class_list":["post-57","page","type-page","status-publish","hentry"],"jetpack_sharing_enabled":true,"jetpack_shortlink":"https:\/\/wp.me\/P8zX96-V","jetpack-related-posts":[{"id":65,"url":"https:\/\/joe-anna.de\/index.php\/de\/freie-trauung\/","url_meta":{"origin":57,"position":0},"title":"Hochzeitsfeier","author":"Johannes Widera","date":"2. April 2017","format":false,"excerpt":"\"Wesele\" = Hochzeit Wir laden Euch herzlich ein! Am 19. Juli 2018 m\u00f6chten wir uns im Rahmen einer freien Trauung in Polen im wundersch\u00f6nen Szczyrk (S Z C Z Y R K schreibt man wie man es spricht :-) ) nochmal das Ja-Wort geben. Die wei\u00dfe Trauung findet unter freiem\u2026","rel":"","context":"\u00c4hnlicher Beitrag","block_context":{"text":"\u00c4hnlicher Beitrag","link":""},"img":{"alt_text":"","src":"","width":0,"height":0},"classes":[]},{"id":2969,"url":"https:\/\/joe-anna.de\/index.php\/de\/bilder-2\/trauung\/","url_meta":{"origin":57,"position":1},"title":"Trauung\/Hochzeit","author":"Johannes Widera","date":"11. Oktober 2018","format":false,"excerpt":"Hochzeit\/Wesele \u00a0","rel":"","context":"\u00c4hnlicher Beitrag","block_context":{"text":"\u00c4hnlicher Beitrag","link":""},"img":{"alt_text":"","src":"","width":0,"height":0},"classes":[]},{"id":220,"url":"https:\/\/joe-anna.de\/index.php\/de\/freie-trauung\/rueckmeldung\/","url_meta":{"origin":57,"position":2},"title":"R\u00fcckmeldung","author":"Johannes Widera","date":"10. September 2017","format":false,"excerpt":"R\u00fcckmeldung","rel":"","context":"\u00c4hnlicher Beitrag","block_context":{"text":"\u00c4hnlicher Beitrag","link":""},"img":{"alt_text":"","src":"","width":0,"height":0},"classes":[]},{"id":464,"url":"https:\/\/joe-anna.de\/index.php\/de\/bilder-2\/","url_meta":{"origin":57,"position":3},"title":"Bilder","author":"Johannes Widera","date":"26. September 2018","format":false,"excerpt":"Video Trauung\/Hochzeit FotoShooting \u00a0","rel":"","context":"\u00c4hnlicher Beitrag","block_context":{"text":"\u00c4hnlicher Beitrag","link":""},"img":{"alt_text":"","src":"","width":0,"height":0},"classes":[]},{"id":187,"url":"https:\/\/joe-anna.de\/index.php\/de\/freie-trauung\/unterkuenfte\/","url_meta":{"origin":57,"position":4},"title":"Unterk\u00fcnfte\/Anreise","author":"Johannes Widera","date":"4. August 2017","format":false,"excerpt":"\u00a0Liebe Hochzeitsg\u00e4ste, Die Feier findet im Hotel Alpin\u00a0statt. Die rund 95 Betten des Hotels sind f\u00fcr die Ersten, welche uns bald R\u00fcckmeldung geben, f\u00fcr die Nacht (inkl. Fr\u00fchst\u00fcck) vom 19. auf den 20. Juli reserviert und auch kostenlos. Sollten dar\u00fcber hinaus noch Pl\u00e4tze ben\u00f6tigt werden, so haben wir mit dem\u2026","rel":"","context":"\u00c4hnlicher Beitrag","block_context":{"text":"\u00c4hnlicher Beitrag","link":""},"img":{"alt_text":"","src":"","width":0,"height":0},"classes":[]},{"id":2,"url":"https:\/\/joe-anna.de\/index.php\/de\/beispiel-seite\/","url_meta":{"origin":57,"position":5},"title":"Impressum","author":"Joe","date":"24. M\u00e4rz 2017","format":false,"excerpt":"Angaben gem\u00e4\u00df \u00a7 5 TMG: Kontakt: Bitte f\u00fcr alle Belange an info [at] joe-anna.de wenden. Haftungsausschluss (Disclaimer) Haftung f\u00fcr Inhalte Als Diensteanbieter sind wir gem\u00e4\u00df \u00a7 7 Abs.1 TMG f\u00fcr eigene Inhalte auf diesen Seiten nach den allgemeinen Gesetzen verantwortlich. Nach \u00a7\u00a7 8 bis 10 TMG sind wir als Diensteanbieter\u2026","rel":"","context":"\u00c4hnlicher Beitrag","block_context":{"text":"\u00c4hnlicher Beitrag","link":""},"img":{"alt_text":"","src":"https:\/\/i0.wp.com\/joe-anna.de\/wp-content\/uploads\/2017\/03\/AndresseJoe.jpg?resize=350%2C200","width":350,"height":200},"classes":[]}],"_links":{"self":[{"href":"https:\/\/joe-anna.de\/index.php\/wp-json\/wp\/v2\/pages\/57","targetHints":{"allow":["GET"]}}],"collection":[{"href":"https:\/\/joe-anna.de\/index.php\/wp-json\/wp\/v2\/pages"}],"about":[{"href":"https:\/\/joe-anna.de\/index.php\/wp-json\/wp\/v2\/types\/page"}],"author":[{"embeddable":true,"href":"https:\/\/joe-anna.de\/index.php\/wp-json\/wp\/v2\/users\/2"}],"replies":[{"embeddable":true,"href":"https:\/\/joe-anna.de\/index.php\/wp-json\/wp\/v2\/comments?post=57"}],"version-history":[{"count":33,"href":"https:\/\/joe-anna.de\/index.php\/wp-json\/wp\/v2\/pages\/57\/revisions"}],"predecessor-version":[{"id":256,"href":"https:\/\/joe-anna.de\/index.php\/wp-json\/wp\/v2\/pages\/57\/revisions\/256"}],"wp:attachment":[{"href":"https:\/\/joe-anna.de\/index.php\/wp-json\/wp\/v2\/media?parent=57"}],"curies":[{"name":"wp","href":"https:\/\/api.w.org\/{rel}","templated":true}]}}