{"id":65,"date":"2017-04-02T18:04:51","date_gmt":"2017-04-02T16:04:51","guid":{"rendered":"http:\/\/joe-anna.de\/?page_id=65"},"modified":"2017-09-12T21:29:11","modified_gmt":"2017-09-12T19:29:11","slug":"freie-trauung","status":"publish","type":"page","link":"https:\/\/joe-anna.de\/index.php\/de\/freie-trauung\/","title":{"rendered":"Hochzeitsfeier"},"content":{"rendered":"<h1>&#8222;Wesele&#8220; = Hochzeit<\/h1>\n<h2><iframe loading=\"lazy\" style=\"border: 0;\" src=\"https:\/\/www.google.com\/maps\/embed?pb=!1m14!1m8!1m3!1d10318.789899067157!2d19.0284564!3d49.7164969!3m2!1i1024!2i768!4f13.1!3m3!1m2!1s0x0%3A0x9b4f37004d9369af!2sHotel+Alpin!5e0!3m2!1sde!2sde!4v1491157291795\" width=\"600\" height=\"300\" frameborder=\"0\" allowfullscreen=\"allowfullscreen\"><\/iframe><\/h2>\n<p><span style=\"font-size: 14pt;\"><em><strong>Wir laden Euch herzlich ein!<\/strong><\/em><\/span><\/p>\n<p>Am <strong>19. Juli 2018<\/strong> m\u00f6chten wir uns im Rahmen einer freien Trauung <strong>in Polen<\/strong> im wundersch\u00f6nen <strong>Szczyrk<\/strong> (S Z C Z Y R K schreibt man wie man es spricht \ud83d\ude42 ) nochmal das Ja-Wort geben.<\/p>\n<p>Die wei\u00dfe Trauung findet unter freiem Himmel im Garten des <strong><a href=\"http:\/\/www.hotel-alpin.pl\/\">Hotel Alpin<\/a><\/strong> mit sch\u00f6nem Blick auf die Berge statt.<\/p>\n<p>Zur anschlie\u00dfenden Feier begeben wir uns alle in den Hochzeitssaal des Hotels.<\/p>\n<p><a href=\"http:\/\/joe-anna.de\/index.php\/de\/freie-trauung\/unterkuenfte\/\">\u00dcbernachtungsm\u00f6glichkeiten<\/a> gibt es reichlich in der unmittelbaren Umgebung, nat\u00fcrlich auch selbst im Hotel Alpin. Gerne k\u00f6nnt Ihr mit uns noch ein paar tolle Tage in SZCZYRK verbringen.<\/p>\n<p>F\u00fcr die <a href=\"http:\/\/joe-anna.de\/index.php\/de\/freie-trauung\/unterkuenfte\/\" target=\"_blank\" rel=\"noopener\">Anreise <\/a>haben wir auch ein paar Informationen f\u00fcr Euch zusammengestellt.<\/p>\n<p>Damit wir allerdings etwas besser planen und koordinieren k\u00f6nnen, m\u00f6chten wir Euch bitten uns eine R\u00fcckmeldung zu geben.<\/p>\n<p>Wir freuen uns schon sehr auf einen wunderbaren Tag mit Euch!<\/p>\n","protected":false},"excerpt":{"rendered":"<p>&#8222;Wesele&#8220; = Hochzeit Wir laden Euch herzlich ein! Am 19. Juli 2018 m\u00f6chten wir uns im Rahmen einer freien Trauung in Polen im wundersch\u00f6nen Szczyrk (S Z C Z Y R K schreibt man wie man es spricht \ud83d\ude42 ) &hellip; <a class=\"more-link\" href=\"https:\/\/joe-anna.de\/index.php\/de\/freie-trauung\/\">Weiterlesen <span class=\"meta-nav\">&rarr;<\/span><\/a><\/p>\n","protected":false},"author":2,"featured_media":0,"parent":0,"menu_order":50,"comment_status":"closed","ping_status":"closed","template":"","meta":{"_bbp_topic_count":0,"_bbp_reply_count":0,"_bbp_total_topic_count":0,"_bbp_total_reply_count":0,"_bbp_voice_count":0,"_bbp_anonymous_reply_count":0,"_bbp_topic_count_hidden":0,"_bbp_reply_count_hidden":0,"_bbp_forum_subforum_count":0,"ngg_post_thumbnail":0,"footnotes":""},"class_list":["post-65","page","type-page","status-publish","hentry"],"jetpack_sharing_enabled":true,"jetpack_shortlink":"https:\/\/wp.me\/P8zX96-13","jetpack-related-posts":[{"id":2969,"url":"https:\/\/joe-anna.de\/index.php\/de\/bilder-2\/trauung\/","url_meta":{"origin":65,"position":0},"title":"Trauung\/Hochzeit","author":"Johannes Widera","date":"11. Oktober 2018","format":false,"excerpt":"Hochzeit\/Wesele \u00a0","rel":"","context":"\u00c4hnlicher Beitrag","block_context":{"text":"\u00c4hnlicher Beitrag","link":""},"img":{"alt_text":"","src":"","width":0,"height":0},"classes":[]},{"id":464,"url":"https:\/\/joe-anna.de\/index.php\/de\/bilder-2\/","url_meta":{"origin":65,"position":1},"title":"Bilder","author":"Johannes Widera","date":"26. September 2018","format":false,"excerpt":"Video Trauung\/Hochzeit FotoShooting \u00a0","rel":"","context":"\u00c4hnlicher Beitrag","block_context":{"text":"\u00c4hnlicher Beitrag","link":""},"img":{"alt_text":"","src":"","width":0,"height":0},"classes":[]},{"id":187,"url":"https:\/\/joe-anna.de\/index.php\/de\/freie-trauung\/unterkuenfte\/","url_meta":{"origin":65,"position":2},"title":"Unterk\u00fcnfte\/Anreise","author":"Johannes Widera","date":"4. August 2017","format":false,"excerpt":"\u00a0Liebe Hochzeitsg\u00e4ste, Die Feier findet im Hotel Alpin\u00a0statt. Die rund 95 Betten des Hotels sind f\u00fcr die Ersten, welche uns bald R\u00fcckmeldung geben, f\u00fcr die Nacht (inkl. Fr\u00fchst\u00fcck) vom 19. auf den 20. Juli reserviert und auch kostenlos. Sollten dar\u00fcber hinaus noch Pl\u00e4tze ben\u00f6tigt werden, so haben wir mit dem\u2026","rel":"","context":"\u00c4hnlicher Beitrag","block_context":{"text":"\u00c4hnlicher Beitrag","link":""},"img":{"alt_text":"","src":"","width":0,"height":0},"classes":[]},{"id":57,"url":"https:\/\/joe-anna.de\/index.php\/de\/trauung\/","url_meta":{"origin":65,"position":3},"title":"Trauung","author":"Johannes Widera","date":"2. April 2017","format":false,"excerpt":"\"\u015alub cywilny\"\u00a0= Standesamtliche Trauung Seid mit uns dabei! Nach dem Antrag im Baumhaus, werden wir uns endlich das Ja-Wort geben. Dieses Ereignis m\u00f6chten wir mit Euch teilen. Die standesamtliche Trauung findet am 3. Juni 2017 um 11 Uhr in Borchen im Mallinckrodthof\u00a0statt. Wir m\u00f6chten euch herzlich einladen, auch vorbei zu\u2026","rel":"","context":"\u00c4hnlicher Beitrag","block_context":{"text":"\u00c4hnlicher Beitrag","link":""},"img":{"alt_text":"","src":"","width":0,"height":0},"classes":[]},{"id":220,"url":"https:\/\/joe-anna.de\/index.php\/de\/freie-trauung\/rueckmeldung\/","url_meta":{"origin":65,"position":4},"title":"R\u00fcckmeldung","author":"Johannes Widera","date":"10. September 2017","format":false,"excerpt":"R\u00fcckmeldung","rel":"","context":"\u00c4hnlicher Beitrag","block_context":{"text":"\u00c4hnlicher Beitrag","link":""},"img":{"alt_text":"","src":"","width":0,"height":0},"classes":[]},{"id":2,"url":"https:\/\/joe-anna.de\/index.php\/de\/beispiel-seite\/","url_meta":{"origin":65,"position":5},"title":"Impressum","author":"Joe","date":"24. M\u00e4rz 2017","format":false,"excerpt":"Angaben gem\u00e4\u00df \u00a7 5 TMG: Kontakt: Bitte f\u00fcr alle Belange an info [at] joe-anna.de wenden. Haftungsausschluss (Disclaimer) Haftung f\u00fcr Inhalte Als Diensteanbieter sind wir gem\u00e4\u00df \u00a7 7 Abs.1 TMG f\u00fcr eigene Inhalte auf diesen Seiten nach den allgemeinen Gesetzen verantwortlich. Nach \u00a7\u00a7 8 bis 10 TMG sind wir als Diensteanbieter\u2026","rel":"","context":"\u00c4hnlicher Beitrag","block_context":{"text":"\u00c4hnlicher Beitrag","link":""},"img":{"alt_text":"","src":"https:\/\/i0.wp.com\/joe-anna.de\/wp-content\/uploads\/2017\/03\/AndresseJoe.jpg?resize=350%2C200","width":350,"height":200},"classes":[]}],"_links":{"self":[{"href":"https:\/\/joe-anna.de\/index.php\/wp-json\/wp\/v2\/pages\/65","targetHints":{"allow":["GET"]}}],"collection":[{"href":"https:\/\/joe-anna.de\/index.php\/wp-json\/wp\/v2\/pages"}],"about":[{"href":"https:\/\/joe-anna.de\/index.php\/wp-json\/wp\/v2\/types\/page"}],"author":[{"embeddable":true,"href":"https:\/\/joe-anna.de\/index.php\/wp-json\/wp\/v2\/users\/2"}],"replies":[{"embeddable":true,"href":"https:\/\/joe-anna.de\/index.php\/wp-json\/wp\/v2\/comments?post=65"}],"version-history":[{"count":25,"href":"https:\/\/joe-anna.de\/index.php\/wp-json\/wp\/v2\/pages\/65\/revisions"}],"predecessor-version":[{"id":240,"href":"https:\/\/joe-anna.de\/index.php\/wp-json\/wp\/v2\/pages\/65\/revisions\/240"}],"wp:attachment":[{"href":"https:\/\/joe-anna.de\/index.php\/wp-json\/wp\/v2\/media?parent=65"}],"curies":[{"name":"wp","href":"https:\/\/api.w.org\/{rel}","templated":true}]}}